{"id":9889,"date":"2020-09-06T21:43:21","date_gmt":"2020-09-06T19:43:21","guid":{"rendered":"https:\/\/boasblogs.org\/?page_id=9889"},"modified":"2023-01-25T23:38:21","modified_gmt":"2023-01-25T22:38:21","slug":"papers","status":"publish","type":"page","link":"https:\/\/boasblogs.org\/de\/papers\/","title":{"rendered":"boasblogs papers"},"content":{"rendered":"<p>Die <em>boasblogs papers<\/em> fassen ausgew\u00e4hlte Diskussionen auf <a href=\"http:\/\/boasblogs.org\">boasblogs.org<\/a> zu einem bestimmten Thema zusammen und stellen diese Beitr\u00e4ge online und in gedruckter Form zur Verf\u00fcgung.<\/p>\n<p>&nbsp;<\/p>\n<p><a href=\"https:\/\/boasblogs.org\/wp-content\/uploads\/2021\/02\/Boasblogs%20Paper%2001_What%27s%20in%20a%20Name.pdf\"><img loading=\"lazy\" decoding=\"async\" class=\"alignnone size-full wp-image-9875\" src=\"https:\/\/boasblogs.org\/wp-content\/uploads\/2022\/03\/boas_papers_1_17x24.jpg\" alt=\"\" width=\"482\" height=\"680\" \/><\/a><\/p>\n<p>&nbsp;<\/p>\n<p>&nbsp;<\/p>\n<p><img loading=\"lazy\" decoding=\"async\" class=\"alignnone size-full wp-image-9878\" src=\"https:\/\/boasblogs.org\/wp-content\/uploads\/2022\/03\/boas_papers_2_17x242.jpg\" alt=\"\" width=\"482\" height=\"680\" \/><\/p>\n<p>&nbsp;<\/p>\n<p>&nbsp;<\/p>\n<p>&nbsp;<\/p>\n<p>&nbsp;<\/p>\n<p><a href=\"https:\/\/boasblogs.org\/wp-content\/uploads\/2022\/03\/bbp3_The-Gender-of-Ethnographic-Collecting_web.pdf\"><img loading=\"lazy\" decoding=\"async\" class=\"alignnone size-full wp-image-9880\" src=\"https:\/\/boasblogs.org\/wp-content\/uploads\/2022\/03\/boas_papers_3_17x243.jpg\" alt=\"\" width=\"482\" height=\"680\" \/><\/a><\/p>\n<p>&nbsp;<\/p>\n<p><a href=\"https:\/\/boasblogs.org\/wp-content\/uploads\/2023\/01\/Boasblogs_four-1.pdf\"><img loading=\"lazy\" decoding=\"async\" class=\"alignnone size-medium wp-image-10632\" src=\"https:\/\/boasblogs.org\/wp-content\/uploads\/2023\/01\/boas_papers_4-652x920.jpg\" alt=\"\" width=\"652\" height=\"920\" srcset=\"https:\/\/boasblogs.org\/wp-content\/uploads\/2023\/01\/boas_papers_4-652x920.jpg 652w, https:\/\/boasblogs.org\/wp-content\/uploads\/2023\/01\/boas_papers_4.jpg 1004w\" sizes=\"auto, (max-width: 652px) 100vw, 652px\" \/><\/a><\/p>\n<p>&nbsp;<\/p>\n<p>&nbsp;<\/p>\n","protected":false},"excerpt":{"rendered":"<p>Die boasblogs papers fassen ausgew\u00e4hlte Diskussionen auf boasblogs.org zu einem bestimmten Thema zusammen und stellen diese Beitr\u00e4ge online und in gedruckter Form zur Verf\u00fcgung. &nbsp; &nbsp; &nbsp; &nbsp; &nbsp; &nbsp; &nbsp; &nbsp; &nbsp; &nbsp;<\/p>\n","protected":false},"author":1,"featured_media":0,"parent":0,"menu_order":0,"comment_status":"closed","ping_status":"closed","template":"","meta":{"_acf_changed":false,"inline_featured_image":false,"footnotes":""},"class_list":["post-9889","page","type-page","status-publish","hentry"],"acf":[],"_links":{"self":[{"href":"https:\/\/boasblogs.org\/de\/wp-json\/wp\/v2\/pages\/9889","targetHints":{"allow":["GET"]}}],"collection":[{"href":"https:\/\/boasblogs.org\/de\/wp-json\/wp\/v2\/pages"}],"about":[{"href":"https:\/\/boasblogs.org\/de\/wp-json\/wp\/v2\/types\/page"}],"author":[{"embeddable":true,"href":"https:\/\/boasblogs.org\/de\/wp-json\/wp\/v2\/users\/1"}],"replies":[{"embeddable":true,"href":"https:\/\/boasblogs.org\/de\/wp-json\/wp\/v2\/comments?post=9889"}],"version-history":[{"count":13,"href":"https:\/\/boasblogs.org\/de\/wp-json\/wp\/v2\/pages\/9889\/revisions"}],"predecessor-version":[{"id":10627,"href":"https:\/\/boasblogs.org\/de\/wp-json\/wp\/v2\/pages\/9889\/revisions\/10627"}],"wp:attachment":[{"href":"https:\/\/boasblogs.org\/de\/wp-json\/wp\/v2\/media?parent=9889"}],"curies":[{"name":"wp","href":"https:\/\/api.w.org\/{rel}","templated":true}]}}