{"id":9866,"date":"2021-02-23T14:58:38","date_gmt":"2021-02-23T13:58:38","guid":{"rendered":"https:\/\/boasblogs.org\/detours-info\/about\/"},"modified":"2022-02-23T13:42:20","modified_gmt":"2022-02-23T12:42:20","slug":"about","status":"publish","type":"page","link":"https:\/\/boasblogs.org\/de\/detours-info\/about\/","title":{"rendered":"Universalismus auf Umwegen"},"content":{"rendered":"<div class=\"page\" title=\"Page 1\">\n<div class=\"section\">\n<div class=\"layoutArea\">\n<div class=\"column\">\n<p><img loading=\"lazy\" decoding=\"async\" class=\"alignnone wp-image-7121\" src=\"https:\/\/boasblogs.org\/wp-content\/uploads\/2021\/02\/Bild-25.png\" alt=\"\" width=\"502\" height=\"758\" \/><\/p>\n<p>Erhard Schu\u0308ttpelz, der am 23. Februar 2021 seinen 60. Geburtstag feiert, hat sichtbar wie unsichtbar das Denken und Reden u\u0308ber Medien und Medien in Deutschland und daru\u0308ber hinaus ma\u00dfgeblich beeinflusst. Er fu\u0308hrt in seinen Schriften sich und seine Leser*innen u\u0308ber Umwege und Abwege immer wieder von der Peripherie ins Zentrum und zuru\u0308ck. In rheinischer Tradition stellt er dabei die Menschen und Dinge regelma\u0308\u00dfig auf den Kopf, um festzustellen, dass sie andersherum auch nicht wahrer oder besser sind. Durch minutio\u0308ses Nachvollziehen damit verbundener Umschlagpunkte la\u0308\u00dft er einen Schwebezustand zwischen Maskierung und Demaskierung, Mensch und Nicht-Mensch, Fluidita\u0308t und Stabilita\u0308t, Exoterischem und Esoterischem, Peripherie und Zentrum, Geschichte und Gegenwart, Kulturrelativismus und Aufkla\u0308rung, Partikularismus und Universalismus entstehen, der das Spielerische des Ernsthaften und das Ernsthafte des Spielerischen preiszugeben scheint.<\/p>\n<p>Da wir aufgrund der aktuellen Corona-Situation das zu seinen Ehren angedachte Symposium verschieben mu\u0308ssen, haben wir alle, die sich mit ihm verbunden fu\u0308hlen, eingeladen, ihm auf diesen Wegen zu folgen und sich an diesem mit einem Beitrag zu beteiligen. \u201cUniversalismus auf Umwegen\u201d: damit regen wir an, Erhards Ansatz, den gro\u00dfen Universalismus zugunsten des genauen Blicks auf situiertes Wissen und lokale Praktiken aufzulo\u0308sen, in denen sich wiederum das Universale finden la\u0308sst.<\/p>\n<p>Ob kurze oder lange Artikel, Essays und Glossen, Videos, Bilder, Tonaufnahmen, Sprichwo\u0308rter oder Spru\u0308che: Das Genre der Beitra\u0308ge war offen.<\/p>\n<p>Alle Beitra\u0308ge wurden am Tag von Erhards Geburtstag vero\u0308ffentlicht. Der Blog ist in dem Sinne okkult, dass er passwortgeschu\u0308tzt nur einer eingeweihten O\u0308ffentlichkeit zuga\u0308nglich ist.<\/p>\n<p>Zum 61. Geburtstag 2022 haben wir den Schleier der meisten Beitr\u00e4ge gel\u00fcftet.<\/p>\n<p>Wir bedanken uns f\u00fcr Ihre und Eure Mitarbeit und w\u00fcnschen Erhard im Namen aller Beteiligten alles Gute und viel Freude bei der Lekt\u00fcre.<\/p>\n<\/div>\n<div class=\"column\">\n<p>Marcus Hahn \u2014 marcus.hahn@sprachlit.uni-regensburg.de<br \/>\nUlrich van Loyen \u2014 ulrich.vLoyen@uni-siegen.de<br \/>\nEhler Voss \u2014 ehler.voss@uni-bremen.de<br \/>\nMartin Zillinger \u2014 zillingm@uni-koeln.de<\/p>\n<p><em>Einen besonderen Dank auch an Peter Gillessen, der sich um das Einstellen der Beitr\u00e4ge gek\u00fcmmert hat, f\u00fcr die gewohnt zuverl\u00e4ssige und professionelle Zusammenarbeit!<\/em><\/p>\n<\/div>\n<\/div>\n<\/div>\n<\/div>\n","protected":false},"excerpt":{"rendered":"<p>Erhard Schu\u0308ttpelz, der am 23. Februar 2021 seinen 60. Geburtstag feiert, hat sichtbar wie unsichtbar das Denken und Reden u\u0308ber Medien und Medien in Deutschland und daru\u0308ber hinaus ma\u00dfgeblich beeinflusst. Er fu\u0308hrt in seinen Schriften sich und seine Leser*innen u\u0308ber Umwege und Abwege immer wieder von der Peripherie ins Zentrum und zuru\u0308ck. In rheinischer Tradition [&hellip;]<\/p>\n","protected":false},"author":11,"featured_media":0,"parent":9860,"menu_order":0,"comment_status":"closed","ping_status":"closed","template":"","meta":{"_acf_changed":false,"inline_featured_image":false,"footnotes":""},"class_list":["post-9866","page","type-page","status-publish","hentry"],"acf":[],"_links":{"self":[{"href":"https:\/\/boasblogs.org\/de\/wp-json\/wp\/v2\/pages\/9866","targetHints":{"allow":["GET"]}}],"collection":[{"href":"https:\/\/boasblogs.org\/de\/wp-json\/wp\/v2\/pages"}],"about":[{"href":"https:\/\/boasblogs.org\/de\/wp-json\/wp\/v2\/types\/page"}],"author":[{"embeddable":true,"href":"https:\/\/boasblogs.org\/de\/wp-json\/wp\/v2\/users\/11"}],"replies":[{"embeddable":true,"href":"https:\/\/boasblogs.org\/de\/wp-json\/wp\/v2\/comments?post=9866"}],"version-history":[{"count":1,"href":"https:\/\/boasblogs.org\/de\/wp-json\/wp\/v2\/pages\/9866\/revisions"}],"predecessor-version":[{"id":9867,"href":"https:\/\/boasblogs.org\/de\/wp-json\/wp\/v2\/pages\/9866\/revisions\/9867"}],"up":[{"embeddable":true,"href":"https:\/\/boasblogs.org\/de\/wp-json\/wp\/v2\/pages\/9860"}],"wp:attachment":[{"href":"https:\/\/boasblogs.org\/de\/wp-json\/wp\/v2\/media?parent=9866"}],"curies":[{"name":"wp","href":"https:\/\/api.w.org\/{rel}","templated":true}]}}