{"id":9363,"date":"2020-09-06T21:42:42","date_gmt":"2020-09-06T19:42:42","guid":{"rendered":"https:\/\/boasblogs.org\/?page_id=9363"},"modified":"2021-08-23T11:31:28","modified_gmt":"2021-08-23T09:31:28","slug":"9363-2","status":"publish","type":"page","link":"https:\/\/boasblogs.org\/de\/9363-2\/","title":{"rendered":"Einreichung von Beitr\u00e4gen"},"content":{"rendered":"<p>Wir freuen uns sehr \u00fcber Beitr\u00e4ge zu den <em>boasblogs<\/em>. Zurzeit nehmen zwei Blogs Beitr\u00e4ge an: <a href=\"https:\/\/boasblogs.org\/dcntr\/\">DCNtR<\/a> und <a href=\"https:\/\/boasblogs.org\/witnessingcorona\/\">Witnessing Corona<\/a>. Details hierzu entnehmen Sie bitte der About-Seiten des jeweiligen Blogs.<\/p>\n<p>Dar\u00fcberhinaus sind Sie herzlich eingeladen, selbst einen thematischen Blog auf dieser Plattform zu initiieren. Bei Interesse schreiben Sie uns einfach eine Email, dann k\u00f6nnen wir alles Weitere direkt besprechen: info@boasblogs.org<\/p>\n","protected":false},"excerpt":{"rendered":"<p>Wir freuen uns sehr \u00fcber Beitr\u00e4ge zu den boasblogs. Zurzeit nehmen zwei Blogs Beitr\u00e4ge an: DCNtR und Witnessing Corona. Details hierzu entnehmen Sie bitte der About-Seiten des jeweiligen Blogs. Dar\u00fcberhinaus sind Sie herzlich eingeladen, selbst einen thematischen Blog auf dieser Plattform zu initiieren. Bei Interesse schreiben Sie uns einfach eine Email, dann k\u00f6nnen wir alles [&hellip;]<\/p>\n","protected":false},"author":3,"featured_media":0,"parent":0,"menu_order":0,"comment_status":"closed","ping_status":"closed","template":"","meta":{"_acf_changed":false,"inline_featured_image":false,"footnotes":""},"class_list":["post-9363","page","type-page","status-publish","hentry"],"acf":[],"_links":{"self":[{"href":"https:\/\/boasblogs.org\/de\/wp-json\/wp\/v2\/pages\/9363","targetHints":{"allow":["GET"]}}],"collection":[{"href":"https:\/\/boasblogs.org\/de\/wp-json\/wp\/v2\/pages"}],"about":[{"href":"https:\/\/boasblogs.org\/de\/wp-json\/wp\/v2\/types\/page"}],"author":[{"embeddable":true,"href":"https:\/\/boasblogs.org\/de\/wp-json\/wp\/v2\/users\/3"}],"replies":[{"embeddable":true,"href":"https:\/\/boasblogs.org\/de\/wp-json\/wp\/v2\/comments?post=9363"}],"version-history":[{"count":5,"href":"https:\/\/boasblogs.org\/de\/wp-json\/wp\/v2\/pages\/9363\/revisions"}],"predecessor-version":[{"id":9368,"href":"https:\/\/boasblogs.org\/de\/wp-json\/wp\/v2\/pages\/9363\/revisions\/9368"}],"wp:attachment":[{"href":"https:\/\/boasblogs.org\/de\/wp-json\/wp\/v2\/media?parent=9363"}],"curies":[{"name":"wp","href":"https:\/\/api.w.org\/{rel}","templated":true}]}}