{"id":727,"date":"2019-07-14T17:29:16","date_gmt":"2019-07-14T15:29:16","guid":{"rendered":"https:\/\/boasblogs.org\/?page_id=727"},"modified":"2020-05-06T12:13:36","modified_gmt":"2020-05-06T10:13:36","slug":"about","status":"publish","type":"page","link":"https:\/\/boasblogs.org\/de\/boasblogs-info\/about\/","title":{"rendered":"Boasblogs"},"content":{"rendered":"<p>Die <em>boasblogs<\/em> sind eine Serie von themenbezogenen Blogs, die sich sich zum Ziel gesetzt haben, aktuelle Themen rund um die ethnologischen Wissenschaften aufzugreifen, diese durch einen weiten Kreis von Beitr\u00e4ger*innen in ihrer Kontroversit\u00e4t zu diskutieren und dabei nach der \u00f6ffentlichen Rolle und gesellschaftlichen Relevanz ethnologischen Wissens zu fragen. Bisher sind vier Blogs erschienen, die jeweils von unterschiedlichen Redaktionen betreut wurden. Ein F\u00fcnfter ist in Vorbereitung.<\/p>\n<p>Alle <em>boasblogs<\/em> zielen im Sinne einer Public Anthropology darauf, wissenschaftliche Erkenntnisse einer breiteren O\u0308ffentlichkeit zuga\u0308nglich zu machen, um dadurch einen kritisch-konstruktiven Beitrag zu aktuellen gesellschaftlichen Debatten zu leisten und gesellschaftliche Beziehungen auf verschiedenen politischen, sozialen und allta\u0308glichen Ebenen mitzugestalten.<\/p>\n<p>Jeder einzelne <em>boasblog<\/em> wird von unterschiedlichen und unabha\u0308ngigen Redaktionen herausgegeben und betreut. Vorschla\u0308ge fu\u0308r neue Themen und Redaktionsteams werden fortlaufend erbeten an: <a href=\"mailto:info@boasblogs.org\">info@boasblogs.org<\/a><\/p>\n<p>Herausgeber der Blogserie sind: Christoph Antweiler (Bonn), Michi Knecht (Bremen), Ehler Voss (Bremen), Martin Zillinger (K\u00f6ln)<\/p>\n<p>Finanziert und unterst\u00fctzt werden die <em>boasblogs<\/em> durch den Sonderforschungsbereich Medien der Kooperation an der Universit\u00e4t Siegen, dem Institut f\u00fcr Ethnologie und Kulturwissenschaft (IFEK) der Universit\u00e4t Bremen, dem Global South Studies Center der Universit\u00e4t zu K\u00f6ln (GSSC) und der Redaktion Siegen\/Nordwest der Zeitschrift f\u00fcr Kulturwissenschaften.<\/p>\n<p>&nbsp;<\/p>\n<h2>\u00dcber die Blogs<\/h2>\n<p>Der erste Blog \u2013 <strong>\u201eKulturrelativismus und Aufkl\u00e4rung\u201c<\/strong> \u2013 entstand im Dezember 2016 in Reaktion auf einen Artikel in der S\u00fcddeutschen Zeitung, welcher der Ethnologie eine mangelnde Distanz zu ihrem Gegenstand und eine Rechtfertigung menschenverachtender Praktiken unterstellte.<\/p>\n<p>Redaktion: Christoph Antweiler (Bonn), Ehler Voss (Bremen), Martin Zillinger (K\u00f6ln)<\/p>\n<p>Dieser Blog wurde im Oktober 2017 abgel\u00f6st durch einen zweiten und bis heute laufenden Blog, der sich unter dem Titel <strong>\u201eWie weiter mit Humboldts Erbe?\u201c<\/strong> mit dem gegenteiligen Vorwurf des Kolonialismus auseinandersetzt und aus Anlass der aktuellen Diskussionen um die Gestaltung des Humboldt Forums dar\u00fcber hinausgehend nach einem zeitgem\u00e4\u00dfen Umgang mit ethnographischen Sammlungen fragt.<\/p>\n<p>Redaktion: Anna Brus (Universit\u00e4t Siegen), Larissa F\u00f6rster (Berlin), Gabriel Schimmeroth (Hamburg), Michi Knecht (Bremen), Verena Rodatus (Berlin), Ehler Voss (Bremen) &amp; Martin Zillinger (K\u00f6ln)<\/p>\n<p>Den Anlass f\u00fcr den dritten, von April &#8211; August 2018 laufenden Blog gab die Kontroverse um die j\u00fcngste Umbenennung der \u201eDeutschen Gesellschaft f\u00fcr V\u00f6lkerkunde&#8220; in \u201eDeutsche Gesellschaft f\u00fcr Sozial- und Kulturanthropologie\u201c. Unter dem Titel <strong>\u201eWhat\u2019s in a name\u201c<\/strong> fragt der Blog, wof\u00fcr diese Umbenennung steht, d.h. was sie \u00fcber die Geschichte, Gegenwart und Zukunft dieser Disziplin aussagt.<\/p>\n<p>Redaktion: Christoph Antweiler (Bonn), Michi Knecht (Bremen), Ehler Voss (Bremen), Martin Zillinger (K\u00f6ln)<\/p>\n<p>Ein vierter Blog lief von Oktober 2018 bis Februar 2019 mit der Frage <strong>\u201eWarum Ethnologie? Aktuelle studentische Perspektiven\u201c<\/strong>. Die Redaktion bildete eine Gruppe Ethnologiestudierender an der Johannes Gutenberg-Universit\u00e4t Mainz, die den Blog im Rahmen eines von Ehler Voss angebotenen Seminars zum Thema \u201ePublizieren in Online-Medien\u201c konzipierten und eigenverantwortlich betreuten.<\/p>\n<p>Redaktion: Clarissa Bach, Alexandra Ditscher, Charlotte Kaiser, Christopher Klapperich, Judith K\u00f6nig &amp; Matthias Merbitz-Zahradnik (alle Mainz)<\/p>\n<p>Im September 2019 startet ein Blog mit dem Titel <strong>\u201eDas Ende der Aushandlungen!?\u201c<\/strong>. Kritisch diskutiert werden sollen gegenwa\u0308rtig zu beobachtende Prozesse, in denen die potentiell unbegrenzten Dynamiken sozialer Aushandlungen durch Akte der Schlie\u00dfung zu einem Ende gebracht oder nach einer voru\u0308bergehenden Schlie\u00dfung fu\u0308r neue Aushandlungen geo\u0308ffnet werden. Der Blog bereitet auf die gleichnamige Tagung der Deutschen Gesellschaft f\u00fcr Kultur- und Sozialanthropologie vor, die Ende September in Konstanz stattfinden wird.<\/p>\n<p>Redaktion: Thomas Kirsch (Konstanz), Michi Knecht (Bremen), Ehler Voss (Bremen)<\/p>\n<div class=\"logos\"><img loading=\"lazy\" decoding=\"async\" class=\"alignnone wp-image-749 size-full\" src=\"https:\/\/boasblogs.org\/wp-content\/uploads\/2019\/07\/siegen.png\" alt=\"\" width=\"600\" height=\"171\" \/><img loading=\"lazy\" decoding=\"async\" class=\"size-full wp-image-751 alignnone\" src=\"https:\/\/boasblogs.org\/wp-content\/uploads\/2019\/07\/mkd.png\" alt=\"\" width=\"600\" height=\"240\" \/><img loading=\"lazy\" decoding=\"async\" class=\"alignnone size-full wp-image-753\" src=\"https:\/\/boasblogs.org\/wp-content\/uploads\/2019\/07\/dgf.png\" alt=\"\" width=\"600\" height=\"123\" \/><img loading=\"lazy\" decoding=\"async\" class=\"alignnone size-full wp-image-755\" src=\"https:\/\/boasblogs.org\/wp-content\/uploads\/2019\/07\/zfk.png\" alt=\"\" width=\"600\" height=\"77\" \/><img loading=\"lazy\" decoding=\"async\" class=\"alignnone size-full wp-image-757\" src=\"https:\/\/boasblogs.org\/wp-content\/uploads\/2019\/07\/bremen.png\" alt=\"\" width=\"600\" height=\"159\" \/><img loading=\"lazy\" decoding=\"async\" class=\"alignnone wp-image-3061 size-full\" src=\"https:\/\/boasblogs.org\/wp-content\/uploads\/2020\/02\/gssc-logo_bw-cut2.jpg\" alt=\"\" width=\"600\" height=\"240\" \/><img loading=\"lazy\" decoding=\"async\" src=\"https:\/\/boasblogs.org\/wp-content\/uploads\/2020\/04\/WOC_Logo_Zusatz_black-cropped.png\" alt=\"\" width=\"5050\" height=\"2705\" class=\"alignnone size-full wp-image-3805\" srcset=\"https:\/\/boasblogs.org\/wp-content\/uploads\/2020\/04\/WOC_Logo_Zusatz_black-cropped.png 5050w, https:\/\/boasblogs.org\/wp-content\/uploads\/2020\/04\/WOC_Logo_Zusatz_black-cropped-920x493.png 920w, https:\/\/boasblogs.org\/wp-content\/uploads\/2020\/04\/WOC_Logo_Zusatz_black-cropped-1440x771.png 1440w, https:\/\/boasblogs.org\/wp-content\/uploads\/2020\/04\/WOC_Logo_Zusatz_black-cropped-1536x823.png 1536w, https:\/\/boasblogs.org\/wp-content\/uploads\/2020\/04\/WOC_Logo_Zusatz_black-cropped-2048x1097.png 2048w, https:\/\/boasblogs.org\/wp-content\/uploads\/2020\/04\/WOC_Logo_Zusatz_black-cropped-920x493@2x.png 1840w, https:\/\/boasblogs.org\/wp-content\/uploads\/2020\/04\/WOC_Logo_Zusatz_black-cropped-1536x823@2x.png 3072w, https:\/\/boasblogs.org\/wp-content\/uploads\/2020\/04\/WOC_Logo_Zusatz_black-cropped-2048x1097@2x.png 4096w\" sizes=\"auto, (max-width: 5050px) 100vw, 5050px\" \/><img loading=\"lazy\" decoding=\"async\" class=\"alignnone wp-image-4393 size-full\" src=\"https:\/\/boasblogs.org\/wp-content\/uploads\/2020\/05\/logo_uzk-e1588759955196.png\" alt=\"\" width=\"609\" height=\"307\" \/><\/div>\n","protected":false},"excerpt":{"rendered":"<p>Die boasblogs sind eine Serie von themenbezogenen Blogs, die sich sich zum Ziel gesetzt haben, aktuelle Themen rund um die ethnologischen Wissenschaften aufzugreifen, diese durch einen weiten Kreis von Beitr\u00e4ger*innen in ihrer Kontroversit\u00e4t zu diskutieren und dabei nach der \u00f6ffentlichen Rolle und gesellschaftlichen Relevanz ethnologischen Wissens zu fragen. Bisher sind vier Blogs erschienen, die jeweils [&hellip;]<\/p>\n","protected":false},"author":1,"featured_media":0,"parent":1705,"menu_order":0,"comment_status":"closed","ping_status":"closed","template":"","meta":{"_acf_changed":false,"inline_featured_image":false,"footnotes":""},"class_list":["post-727","page","type-page","status-publish","hentry"],"acf":[],"_links":{"self":[{"href":"https:\/\/boasblogs.org\/de\/wp-json\/wp\/v2\/pages\/727","targetHints":{"allow":["GET"]}}],"collection":[{"href":"https:\/\/boasblogs.org\/de\/wp-json\/wp\/v2\/pages"}],"about":[{"href":"https:\/\/boasblogs.org\/de\/wp-json\/wp\/v2\/types\/page"}],"author":[{"embeddable":true,"href":"https:\/\/boasblogs.org\/de\/wp-json\/wp\/v2\/users\/1"}],"replies":[{"embeddable":true,"href":"https:\/\/boasblogs.org\/de\/wp-json\/wp\/v2\/comments?post=727"}],"version-history":[{"count":24,"href":"https:\/\/boasblogs.org\/de\/wp-json\/wp\/v2\/pages\/727\/revisions"}],"predecessor-version":[{"id":4398,"href":"https:\/\/boasblogs.org\/de\/wp-json\/wp\/v2\/pages\/727\/revisions\/4398"}],"up":[{"embeddable":true,"href":"https:\/\/boasblogs.org\/de\/wp-json\/wp\/v2\/pages\/1705"}],"wp:attachment":[{"href":"https:\/\/boasblogs.org\/de\/wp-json\/wp\/v2\/media?parent=727"}],"curies":[{"name":"wp","href":"https:\/\/api.w.org\/{rel}","templated":true}]}}