{"id":688,"date":"2019-07-14T15:30:50","date_gmt":"2019-07-14T13:30:50","guid":{"rendered":"https:\/\/boasblogs.org\/?page_id=688"},"modified":"2019-12-22T15:55:14","modified_gmt":"2019-12-22T14:55:14","slug":"links","status":"publish","type":"page","link":"https:\/\/boasblogs.org\/de\/humboldt-info\/links\/","title":{"rendered":"Links"},"content":{"rendered":"<p>F\u00fcr eine ausf\u00fchrlichere Dokumentation der Medienberichterstattung besuchen Sie den <a href=\"http:\/\/www.carmah.berlin\/media-review-on-museums\/\"><em>CARMAH Media Review on Museums<\/em><\/a><br \/>\n\u2013\u2013\u2013<\/p>\n<p><strong><a href=\"https:\/\/www.theartnewspaper.com\/comment\/one-year-after-sarr-savoy-where-are-we-on-colonial-restitution\">Alexander Herman: One year after the Sarr-Savoy report, France has lost its momentum in the restitution debate<\/a><\/strong><br \/>\n(The Art Newspaper, 12.11.2019)<br \/>\n<strong><a href=\"https:\/\/www.hsozkult.de\/conferencereport\/id\/tagungsberichte-8415?utm_source=hskhtml&amp;utm_medium=email&amp;utm_term=2019-8&amp;utm_campaign=htmldigest&amp;fbclid=IwAR0FA97EwirKVz7KleRllSk1NA29Clsm9OylCiVl4O-WkIGK4MkF2AeGkOk\">Manuela Bauche, Katharina Schramm, Nadine Siegert: Un-doing post-colonial knowledges. Perspectives from academia-arts-activism<\/a><\/strong><br \/>\n(hsozkult.de, 29.08.2019)<strong><a href=\"https:\/\/www1.wdr.de\/mediathek\/audio\/wdr3\/wdr3-mosaik\/audio-felwine-sarr-restitution-als-missverstaendnis-100.html\"><br \/>\nFelwine Sarr: Restitution als Missverst\u00e4ndnis<\/a><\/strong><br \/>\n(WDR 3, 17.07.2019)<strong><a href=\"https:\/\/www.sueddeutsche.de\/kultur\/ethnologisches-museum-raubkunst-1.4516193\"><br \/>\nJ\u00f6rg H\u00e4ntzschel: Ethnologische Museen Deutschlands &#8211; Verseucht, zerfressen, \u00fcberflutet<\/a><\/strong><br \/>\n(SZ.de, 09.07.2019)<br \/>\n<strong><a href=\"https:\/\/hyperallergic.com\/489304\/an-exhibition-about-a-book-that-rejuvenated-an-indigenous-culture\/\">Melissa <\/a><a href=\"https:\/\/hyperallergic.com\/489304\/an-exhibition-about-a-book-that-rejuvenated-an-indigenous-culture\/\">Stern<\/a><a href=\"https:\/\/hyperallergic.com\/489304\/an-exhibition-about-a-book-that-rejuvenated-an-indigenous-culture\/\">: An Exhibition About a Book That Rejuvenated an Indigenous Culture<\/a><br \/>\n<\/strong>(Hyperallergic, 14.03.2019)<strong><br \/>\n<a href=\"https:\/\/www.monopol-magazin.de\/gedenkraum-fuer-koloniales-unrecht-im-humboldt-forum-gefordert?utm_source=monopol_Newsletter&amp;utm_campaign=manuell\">dpa: Gedenkraum f\u00fcr koloniales Unrecht im Humboldt Forum gefordert<\/a><br \/>\n<\/strong>(Monopol, 03.01.2019)<br \/>\n<strong><a href=\"https:\/\/www.taz.de\/!5560049\/\">Unterm Strich: Die Debatte um geraubte Kulturg\u00fcter aus der Kolonialzeit nimmt weiter Fahrt auf. Interviewausschnitte mit M. Gr\u00fctters.<\/a><\/strong><strong><br \/>\n<\/strong>(taz.de, 03.01.2019)<br \/>\n<strong><a href=\"https:\/\/www.nytimes.com\/2019\/01\/03\/arts\/design\/african-art-france-museums-restitution.html\">Jason Farago: Artwork Taken From Africa, Returning to a Home Transformed<\/a><\/strong><br \/>\n(NYTimes.com, 03.01.2019)<br \/>\n<strong><a href=\"https:\/\/www.nzz.ch\/feuilleton\/kulturelles-erbe-afrikas-in-frankreich-soll-restituiert-werden-aus-emmanuel-macrons-plaenen-wird-ein-politisches-manifest-ld.1444037\">Brigitta Hauser-Sch\u00e4ublin: Alles aus Frankreich muss zur\u00fcck nach Afrika<\/a><\/strong><br \/>\n(NZZ.ch, 31.12.2018)<br \/>\n<strong><a href=\"https:\/\/www.zeit.de\/2019\/01\/koloniale-raubkunst-rueckgabe-afrikanische-kunstwerke-streit\">Werner Bloch: \u201eWir wollen keine Almosen\u201c<\/a><\/strong><br \/>\n(ZEIT.de, 27.12.2018)<br \/>\n<strong><a href=\"https:\/\/www.zeit.de\/2018\/53\/indigene-kulturgueter-kultureller-missbrauch-viola-koenig\">\u201eGegen jeglichen Verkauf\u201c. Die Ethnologin Viola K\u00f6nig kritisiert den kulturellen Mi\u00dfbrauch indigener Objekte. Interview von Tobias Timm<\/a> <\/strong><br \/>\n(ZEIT.de, 18.12.2018)<br \/>\n<strong><a href=\"https:\/\/www.monopol-magazin.de\/265000-objekte-0-provenienzforscher?amp&amp;__twitter_impression=true\">Sebastian Frenzel: 265.000 Objekte, 0 Provenienzforscher. Interview mit Barbara Plankensteiner<\/a><\/strong><br \/>\n(Monopol, 18.12.2018)<br \/>\n<a href=\"https:\/\/www.theglobeandmail.com\/opinion\/article-the-eye-of-the-beholder-how-we-return-art-to-its-rightful-place\/\"><strong>Alexander Herman: The eye of the beholder: How we return art to its rightful place.<\/strong><\/a><br \/>\n<span class=\"c-creditline\">(The Globe and Mail, <\/span>30.11.2018)<br \/>\n<strong><a href=\"https:\/\/www.theartnewspaper.com\/podcast\/should-looted-african-art-be-returned\">Should looted colonial art be returned?<\/a><\/strong><br \/>\n(Podcast, theartnewspaper.com, 14.12.2018)<br \/>\n<strong><a href=\"https:\/\/www.einsteinforum.de\/veranstaltungen\/was-schulden-wir-kolonialen-objekten\/\">Rebekka Habermas: Was schulden wir kolonialen Objekten?<\/a><\/strong><br \/>\n(Vortrag, Einsteinforum, 29.11.2018)<br \/>\n<a href=\"http:\/\/restitutionreport2018.com\"><strong>Felwine Sarr and B\u00e9n\u00e9dicte Savoy: The Restitution of African Cultural Heritage. <\/strong><strong>Toward a New Relational Ethics<\/strong><\/a><span class=\"fr-author-line\"><br \/>\n(restitutionreport2018.com, 11.2018)<br \/>\n<a href=\"https:\/\/www.theartnewspaper.com\/comment\/restitution-report-museums-directors-respond\"><strong>Tristram Hunt, Hartmut Dorgerloh, Nicholas Thomas: Restitution Report: Museum directors respond<\/strong><\/a><\/span><br \/>\n(The Art Newspaper, 27.11.2018)<strong><br \/>\n<\/strong><a href=\"https:\/\/www.preussischer-kulturbesitz.de\/meldung\/article\/2018\/10\/19\/museum-fuer-kunst-aus-benin-geplant.html?sword_list%5b%5d=Benin&amp;sword_list%5b%5d=Dialogue&amp;sword_list%5b%5d=Group&amp;no_cache=1\"><strong>BeninDialogueGroup: Museum f\u00fcr Kunst aus Benin geplant<\/strong><\/a><br \/>\n(Stiftung Preussicher Kulturbesitz, 22.10.2018)<br \/>\n<a href=\"https:\/\/www.theartnewspaper.com\/interview\/how-the-humboldt-forum-plans-to-confront-germany-s-colonial-past\"><strong>Catherine Hickley: Berlin\u2019s Humboldt Forum: how its director plans to confront German colonial past<\/strong><\/a><br \/>\n(The Art Newspaper, 17.10.2018)<br \/>\n<a href=\"https:\/\/www.nzz.ch\/feuilleton\/wir-muessen-nicht-auf-den-naechsten-krieg-warten-wir-koennen-die-sachen-jetzt-zurueckgeben-benedicte-savoy-warnt-davor-die-dringlichkeit-des-kulturgueterstreits-zu-unterschaetzen-ld.1426806?fbclid=IwAR073zSH_fJdXvN0dKv2W3_-qidAnv9o7NA9_BgJuBEsZJYX3znp04kBaEs\"><strong><span class=\"metainfo__author\">Peer Teuwsen<\/span>: Wir m\u00fcssen nicht auf den n\u00e4chsten Krieg warten, wir k\u00f6nnen die Sachen jetzt zur\u00fcckgeben\u201c. Interview mit B\u00e9n\u00e9dicte Savoy.<\/strong><\/a><br \/>\n(NZZ.de, 15.10.2018)<br \/>\n<strong><a href=\"https:\/\/www.sueddeutsche.de\/kultur\/kulturpolitik-zweckfrei-foerdern-1.4169186\">Peter Burghardt: \u201aZweckfrei f\u00f6rdern\u2019. Kulturministerkonferenz will auch das Thema Kolonialismus behandeln.<\/a> <\/strong><br \/>\n(sueddeutsche.de, 14.10.2018)<br \/>\n<a href=\"https:\/\/www.theguardian.com\/culture\/2018\/oct\/12\/collected-histories-not-everything-was-looted-british-museum-defends-collections\"><strong>Haroon Siddique: Not everything was looted\u2019: British Museum to fight critics<\/strong><\/a><br \/>\n(TheGuardian.com, 12.10.2018)<br \/>\n<a href=\"https:\/\/www.nytimes.com\/2018\/10\/12\/arts\/design\/humboldt-forum-germany.html?action=click&amp;module=Features&amp;pgtype=Homepage\"><strong>Graham Bowley: A new museum opens old wounds in Germany<\/strong><\/a><br \/>\n(NewYorkTimes.com, 12.10.2018)<br \/>\n<a href=\"https:\/\/www.sueddeutsche.de\/kultur\/restitution-eine-raeuberbande-will-beweise-1.4165804?reduced=true\"><strong>J\u00f6rg H\u00e4ntzschel und Andreas Zielcke: Eine R\u00e4uberbande will Beweise. Ein Interview mit dem Juristen Wolfgang Kaleck \u00fcber die rechtlichen Aspekte von Restitution.<\/strong><\/a><br \/>\n(sueddeutsche.de, 11.10.2018)<br \/>\n<a href=\"http:\/\/www.faz.net\/aktuell\/feuilleton\/debatten\/was-passiert-mit-der-raubkunst-der-kolonialzeit-15827815.html\"><strong>Achilles Mbembe: Restitution ist nicht genug.<\/strong><\/a><br \/>\n(FAZ.net, 09.10.2018)<strong><br \/>\n<\/strong><strong><a href=\"https:\/\/www.sueddeutsche.de\/kultur\/kulturpolitik-aufbruch-vertagt-1.4139270\"><span class=\"moreInfo\"><span id=\"abbr-jhl\">J\u00f6rg H\u00e4ntzschel<\/span><\/span>: Aufbruch vertagt<\/a><br \/>\n<\/strong>(S\u00fcddeutsche.de, 21.09.2018)<br \/>\n<strong><a href=\"http:\/\/www.faz.net\/aktuell\/feuilleton\/hoch-schule\/workshop-in-berlin-wie-kolonialistisch-sind-naturkundemuseen-15781457.html\">Andreas Kilb: Wie kolonialistisch sind Naturkundemuseen?<\/a><br \/>\n<\/strong>(FAZ.net, 13.09.2018)<br \/>\n<strong><a href=\"https:\/\/www.nytimes.com\/2018\/09\/11\/world\/europe\/germany-colonial-history-africa-nazi.html\"><span class=\"css-1baulvz\">John Eligon<\/span>: The Big Hole in Germany\u2019s Nazi Reckoning? Its Colonial History<\/a><\/strong><br \/>\n(New York Times.com, 11.09.2018)<br \/>\n<strong><a href=\"http:\/\/www.faz.net\/aktuell\/feuilleton\/debatten\/wem-gehoert-die-bibel-von-hendrik-witbooi-15773067.html\">Richard D\u00f6ren: Wem geh\u00f6rt die Bibel von Hendrik Witbooi?<\/a><\/strong><br \/>\n(FAZ.net, 06.09.2018)<br \/>\n<strong><a href=\"http:\/\/www.faz.net\/aktuell\/feuilleton\/hoch-schule\/themen-der-museumspolitik-provenienz-und-restitution-15736699-p4.html\">Christoph Schm\u00e4lzle: Ist das Kunst, oder muss das wieder weg?<\/a><\/strong><br \/>\n(FAZ.net, 16.08.2018)<br \/>\n<strong><a href=\"http:\/\/plus.faz.net\/faz-plus\/feuilleton\/2018-05-17\/7d6dc7e814055a00fafc0ec90433828f\/?GEPC=s9\">Karl-Heinz Kohl:\u00a0So schnell restituieren die Preu\u00dfen nicht<\/a><\/strong><br \/>\n(FAZ.net, 17.05.2018)<br \/>\n<a href=\"https:\/\/www.zeit.de\/2018\/18\/humboldt-forum-berlin-sammlung-gewalt-aufklaerung\"><strong><span class=\"a\">Viola K\u00f6nig: Zeigt endlich alles!\u00a0<\/span><span class=\"a\">Warum nur ein radikales Konzept das Humboldt Forum\u00a0<\/span><span class=\"a\">noch retten kann<\/span><\/strong><\/a><br \/>\n(Zeit.de, 25.04.2018)<strong><br \/>\n<a href=\"http:\/\/www.sueddeutsche.de\/kultur\/humboldt-forum-wie-ein-ethnologischer-kindergarten-1.3915797?reduced=true\/\">J\u00f6rg H\u00e4ntzschel:\u00a0Wie ein ethnologischer Kindergarten<\/a><\/strong><br \/>\n(S\u00fcddeutsche Zeitung, 21.03.2018)<strong><br \/>\n<a href=\"https:\/\/frieze.com\/article\/fraught-future-ethnographic-museum?platform=hootsuite\">Cody Delistraty: The Fraught Future of the Ethnographic Museum<\/a><br \/>\n<\/strong>(frieze.com, 28.02.2018)<strong><br \/>\n<a href=\"https:\/\/jhuexhibitionist.com\/2018\/02\/22\/why-museum-professionals-need-to-talk-about-black-panther\/\">Casey Haughin: Why museum professionals need to talk about Black Panther<\/a><br \/>\n<\/strong>(The Hopkins Exhibitionist, 22.02.2018)<strong><br \/>\n<a href=\"http:\/\/www.tagesspiegel.de\/berlin\/koloniale-raubkunst-berlins-verfluchte-schaetze\/20944002.html\" target=\"_blank\" rel=\"noopener noreferrer\">Nicola Kuhn: Berlins verfluchte Sch\u00e4tze<\/a><\/strong><br \/>\n(Tagesspiegel.de,\u00a013.02.2018)<\/p>\n","protected":false},"excerpt":{"rendered":"<p>F\u00fcr eine ausf\u00fchrlichere Dokumentation der Medienberichterstattung besuchen Sie den CARMAH Media Review on Museums \u2013\u2013\u2013 Alexander Herman: One year after the Sarr-Savoy report, France has lost its momentum in the restitution debate (The Art Newspaper, 12.11.2019) Manuela Bauche, Katharina Schramm, Nadine Siegert: Un-doing post-colonial knowledges. Perspectives from academia-arts-activism (hsozkult.de, 29.08.2019) Felwine Sarr: Restitution als Missverst\u00e4ndnis [&hellip;]<\/p>\n","protected":false},"author":1,"featured_media":0,"parent":444,"menu_order":0,"comment_status":"closed","ping_status":"closed","template":"","meta":{"_acf_changed":false,"inline_featured_image":false,"footnotes":""},"class_list":["post-688","page","type-page","status-publish","hentry"],"acf":[],"_links":{"self":[{"href":"https:\/\/boasblogs.org\/de\/wp-json\/wp\/v2\/pages\/688","targetHints":{"allow":["GET"]}}],"collection":[{"href":"https:\/\/boasblogs.org\/de\/wp-json\/wp\/v2\/pages"}],"about":[{"href":"https:\/\/boasblogs.org\/de\/wp-json\/wp\/v2\/types\/page"}],"author":[{"embeddable":true,"href":"https:\/\/boasblogs.org\/de\/wp-json\/wp\/v2\/users\/1"}],"replies":[{"embeddable":true,"href":"https:\/\/boasblogs.org\/de\/wp-json\/wp\/v2\/comments?post=688"}],"version-history":[{"count":20,"href":"https:\/\/boasblogs.org\/de\/wp-json\/wp\/v2\/pages\/688\/revisions"}],"predecessor-version":[{"id":2620,"href":"https:\/\/boasblogs.org\/de\/wp-json\/wp\/v2\/pages\/688\/revisions\/2620"}],"up":[{"embeddable":true,"href":"https:\/\/boasblogs.org\/de\/wp-json\/wp\/v2\/pages\/444"}],"wp:attachment":[{"href":"https:\/\/boasblogs.org\/de\/wp-json\/wp\/v2\/media?parent=688"}],"curies":[{"name":"wp","href":"https:\/\/api.w.org\/{rel}","templated":true}]}}