{"id":1705,"date":"2019-09-14T11:04:17","date_gmt":"2019-09-14T09:04:17","guid":{"rendered":"https:\/\/boasblogs.org\/?page_id=1705"},"modified":"2026-03-17T12:24:17","modified_gmt":"2026-03-17T11:24:17","slug":"boasblogs-info","status":"publish","type":"page","link":"https:\/\/boasblogs.org\/de\/","title":{"rendered":"boasblogs"},"content":{"rendered":"<h2>\u00fcber uns<\/h2>\n<p>Die <em>boasblogs<\/em> (gegr\u00fcndet 2016) sind eine Serie von themenbezogenen Blogs, die sich sich zum Ziel gesetzt haben, aktuelle Themen rund um die ethnologischen Wissenschaften aufzugreifen, diese in einem weiten Kreis von Beitr\u00e4ger*innen in ihrer Kontroversit\u00e4t zu diskutieren und dabei nach der \u00f6ffentlichen Rolle und gesellschaftlichen Relevanz ethnologischen Wissens zu fragen.<\/p>\n<p>Alle <em>boasblogs<\/em> zielen im Sinne einer Public Anthropology darauf, wissenschaftliche Erkenntnisse einer breiteren O\u0308ffentlichkeit zuga\u0308nglich zu machen, um dadurch einen kritisch-konstruktiven Beitrag zu aktuellen gesellschaftlichen Debatten zu leisten und gesellschaftliche Beziehungen auf verschiedenen politischen, sozialen und allta\u0308glichen Ebenen mitzugestalten.<\/p>\n<p>Die\u00a0<a href=\"https:\/\/boasblogs.org\/de\/papers\/\" target=\"_blank\" rel=\"noopener\"><em>boasblogs papers<\/em>\u00a0<\/a>fassen ausgew\u00e4hlte Diskussionen auf den <em>boasblogs<\/em>\u00a0zu einem bestimmten Thema zusammen und stellen diese Beitr\u00e4ge online und in gedruckter Form zur Verf\u00fcgung.<\/p>\n<p>Jeder einzelne <em>boasblog<\/em> wird von unterschiedlichen und unabha\u0308ngigen Redaktionen herausgegeben und betreut. Vorschla\u0308ge fu\u0308r neue Themen und Redaktionsteams werden fortlaufend erbeten an: <a href=\"mailto:info@boasblogs.org\">info@boasblogs.org<\/a><\/p>\n<p>Herausgeber*innen der Blogserie sind: <a href=\"https:\/\/www.ioa.uni-bonn.de\/soa\/de\/pers\/personenseiten\/prof-dr-christoph-antweiler\/prof-dr-christoph-antweiler\" target=\"_blank\" rel=\"noopener\">Christoph Antweiler<\/a> (U Bonn), <a href=\"https:\/\/www.uni-bremen.de\/kultur\/personen\/michi-knecht\" target=\"_blank\" rel=\"noopener\">Michi Knecht<\/a> (U Bremen), <a href=\"https:\/\/www.uni-bremen.de\/kultur\/personen\/ehler-voss\" target=\"_blank\" rel=\"noopener\">Ehler Voss<\/a> (U Bremen) &amp; <a href=\"https:\/\/ethnologie.phil-fak.uni-koeln.de\/content.php?lang=de&amp;kid=190\" target=\"_blank\" rel=\"noopener\">Martin Zillinger<\/a> (U K\u00f6ln)<\/p>\n<p>&nbsp;<\/p>\n<h2>\u00fcber die blogs<\/h2>\n<p>Bislang sind 15 <em>boasblogs<\/em> erschienen, die jeweils von unterschiedlichen Redaktionen betreut werden. Eine detaillierte Beschreibung der Geschichte und des Konzepts der boasblogs und der einzelnen Themen findet sich in dem Artikel <a href=\"https:\/\/www.researchgate.net\/publication\/392794206_Zwischen_Public_Anthropology_und_Anthropology_in_Public_Schreiben_vor_fur_mit_und_gegen_Offentlichkeiten_die_boasblogs\" target=\"_blank\" rel=\"noopener\">Zwischen \u203aPublic Anthropology\u2039 und \u203aAnthropology in Public\u2039. Schreiben vor, f\u00fcr, mit und gegen \u00d6ffentlichkeiten: die boasblogs<\/a> von <a href=\"https:\/\/www.uni-bremen.de\/kultur\/personen\/ehler-voss\" target=\"_blank\" rel=\"noopener\">Ehler Voss<\/a>, ver\u00f6ffentlicht in Hansj\u00f6rg Dilger, Gisela Welz, Beate Binder, Thomas G. Kirsch (Hrsg.) 2025, <a href=\"https:\/\/www.campus.de\/e-books\/wissenschaft\/public_anthropology-18744.html\" target=\"_blank\" rel=\"noopener\">Public Anthropology. Wissenspraktiken und gesellschaftliche Interventionen der ethnologischen F\u00e4cher<\/a>. Weinheim: Campus, 375\u2013389.<\/p>\n<p>&nbsp;<\/p>\n<p>Produziert werden die <em>boasblogs<\/em> gemeinsam von dem <a href=\"https:\/\/www.mediacoop.uni-siegen.de\/de\/\">Sonderforschungsbereich Medien der Kooperation<\/a> an der Universit\u00e4t Siegen, der <a href=\"https:\/\/www.woc.uni-bremen.de\/\">Verbundforschungsplattform Worlds of Contradiction (WOC)<\/a> an der Universit\u00e4t Bremen, dem <a href=\"https:\/\/gssc.uni-koeln.de\/\">Global South Studies Center<\/a> der Universit\u00e4t zu K\u00f6ln (GSSC) und der Redaktion Siegen\/Nordwest der Zeitschrift f\u00fcr Kulturwissenschaften.<\/p>\n<div class=\"logos\"><img loading=\"lazy\" decoding=\"async\" class=\"alignnone wp-image-749 size-full\" src=\"https:\/\/boasblogs.org\/wp-content\/uploads\/2019\/07\/siegen.png\" alt=\"\" width=\"600\" height=\"171\" \/><img loading=\"lazy\" decoding=\"async\" class=\"size-full wp-image-751 alignnone\" src=\"https:\/\/boasblogs.org\/wp-content\/uploads\/2019\/07\/mkd.png\" alt=\"\" width=\"600\" height=\"240\" \/><img loading=\"lazy\" decoding=\"async\" class=\"alignnone size-full wp-image-753\" src=\"https:\/\/boasblogs.org\/wp-content\/uploads\/2019\/07\/dgf.png\" alt=\"\" width=\"600\" height=\"123\" \/><img loading=\"lazy\" decoding=\"async\" class=\"alignnone size-full wp-image-755\" src=\"https:\/\/boasblogs.org\/wp-content\/uploads\/2019\/07\/zfk.png\" alt=\"\" width=\"600\" height=\"77\" \/><img loading=\"lazy\" decoding=\"async\" class=\"alignnone size-medium wp-image-12281\" src=\"https:\/\/boasblogs.org\/wp-content\/uploads\/2025\/08\/UHB_Logo_Web_schwarz-920x330.png\" alt=\"\" width=\"920\" height=\"330\" srcset=\"https:\/\/boasblogs.org\/wp-content\/uploads\/2025\/08\/UHB_Logo_Web_schwarz-920x330.png 920w, https:\/\/boasblogs.org\/wp-content\/uploads\/2025\/08\/UHB_Logo_Web_schwarz-1440x517.png 1440w, https:\/\/boasblogs.org\/wp-content\/uploads\/2025\/08\/UHB_Logo_Web_schwarz-1536x552.png 1536w, https:\/\/boasblogs.org\/wp-content\/uploads\/2025\/08\/UHB_Logo_Web_schwarz-2048x735.png 2048w, https:\/\/boasblogs.org\/wp-content\/uploads\/2025\/08\/UHB_Logo_Web_schwarz-920x330@2x.png 1840w\" sizes=\"auto, (max-width: 920px) 100vw, 920px\" \/><img loading=\"lazy\" decoding=\"async\" class=\"alignnone size-full wp-image-3805\" src=\"https:\/\/boasblogs.org\/wp-content\/uploads\/2020\/04\/WOC_Logo_Zusatz_black-cropped.png\" alt=\"\" width=\"5050\" height=\"2705\" srcset=\"https:\/\/boasblogs.org\/wp-content\/uploads\/2020\/04\/WOC_Logo_Zusatz_black-cropped.png 5050w, https:\/\/boasblogs.org\/wp-content\/uploads\/2020\/04\/WOC_Logo_Zusatz_black-cropped-920x493.png 920w, https:\/\/boasblogs.org\/wp-content\/uploads\/2020\/04\/WOC_Logo_Zusatz_black-cropped-1440x771.png 1440w, https:\/\/boasblogs.org\/wp-content\/uploads\/2020\/04\/WOC_Logo_Zusatz_black-cropped-1536x823.png 1536w, https:\/\/boasblogs.org\/wp-content\/uploads\/2020\/04\/WOC_Logo_Zusatz_black-cropped-2048x1097.png 2048w, https:\/\/boasblogs.org\/wp-content\/uploads\/2020\/04\/WOC_Logo_Zusatz_black-cropped-920x493@2x.png 1840w, https:\/\/boasblogs.org\/wp-content\/uploads\/2020\/04\/WOC_Logo_Zusatz_black-cropped-1536x823@2x.png 3072w, https:\/\/boasblogs.org\/wp-content\/uploads\/2020\/04\/WOC_Logo_Zusatz_black-cropped-2048x1097@2x.png 4096w\" sizes=\"auto, (max-width: 5050px) 100vw, 5050px\" \/><img loading=\"lazy\" decoding=\"async\" class=\"alignnone wp-image-4393 size-full\" src=\"https:\/\/boasblogs.org\/wp-content\/uploads\/2020\/05\/logo_uzk-e1588759955196.png\" alt=\"\" width=\"609\" height=\"307\" \/> <img loading=\"lazy\" decoding=\"async\" class=\"alignnone wp-image-3061 size-full\" src=\"https:\/\/boasblogs.org\/wp-content\/uploads\/2020\/02\/gssc-logo_bw-cut2.jpg\" alt=\"\" width=\"600\" height=\"240\" \/><\/div>\n<p>&nbsp;<\/p>\n","protected":false},"excerpt":{"rendered":"<p>\u00fcber uns Die boasblogs (gegr\u00fcndet 2016) sind eine Serie von themenbezogenen Blogs, die sich sich zum Ziel gesetzt haben, aktuelle Themen rund um die ethnologischen Wissenschaften aufzugreifen, diese in einem weiten Kreis von Beitr\u00e4ger*innen in ihrer Kontroversit\u00e4t zu diskutieren und dabei nach der \u00f6ffentlichen Rolle und gesellschaftlichen Relevanz ethnologischen Wissens zu fragen. Alle boasblogs zielen [&hellip;]<\/p>\n","protected":false},"author":1,"featured_media":0,"parent":0,"menu_order":0,"comment_status":"closed","ping_status":"closed","template":"","meta":{"_acf_changed":false,"inline_featured_image":false,"footnotes":""},"class_list":["post-1705","page","type-page","status-publish","hentry"],"acf":[],"_links":{"self":[{"href":"https:\/\/boasblogs.org\/de\/wp-json\/wp\/v2\/pages\/1705","targetHints":{"allow":["GET"]}}],"collection":[{"href":"https:\/\/boasblogs.org\/de\/wp-json\/wp\/v2\/pages"}],"about":[{"href":"https:\/\/boasblogs.org\/de\/wp-json\/wp\/v2\/types\/page"}],"author":[{"embeddable":true,"href":"https:\/\/boasblogs.org\/de\/wp-json\/wp\/v2\/users\/1"}],"replies":[{"embeddable":true,"href":"https:\/\/boasblogs.org\/de\/wp-json\/wp\/v2\/comments?post=1705"}],"version-history":[{"count":61,"href":"https:\/\/boasblogs.org\/de\/wp-json\/wp\/v2\/pages\/1705\/revisions"}],"predecessor-version":[{"id":13020,"href":"https:\/\/boasblogs.org\/de\/wp-json\/wp\/v2\/pages\/1705\/revisions\/13020"}],"wp:attachment":[{"href":"https:\/\/boasblogs.org\/de\/wp-json\/wp\/v2\/media?parent=1705"}],"curies":[{"name":"wp","href":"https:\/\/api.w.org\/{rel}","templated":true}]}}