{"id":1688,"date":"2019-09-14T10:46:05","date_gmt":"2019-09-14T08:46:05","guid":{"rendered":"https:\/\/boasblogs.org\/?page_id=1688"},"modified":"2020-04-04T15:16:48","modified_gmt":"2020-04-04T13:16:48","slug":"about","status":"publish","type":"page","link":"https:\/\/boasblogs.org\/de\/kulturrelativismus-info\/about\/","title":{"rendered":"\u00dcber diesen Blog"},"content":{"rendered":"<p>Unter dem Titel \u201eDschungelm\u00e4rchen\u201c erschien am 15. Oktober 2016 in der Druckausgabe der S\u00fcddeutschen Zeitung (online als \u201e<a href=\"http:\/\/www.sueddeutsche.de\/wissen\/ethnologie-die-maer-vom-edlen-wilden-1.3205238\">Die M\u00e4r vom edlen Wilden<\/a>\u201c am 17.10.2016) eine Polemik gegen die Ethnologie. Der Autor Christian Weber zeichnet darin ein Bild der Ethnologie, das diese als unheilbringende und gef\u00e4hrliche Verkl\u00e4rerin barbarischer Verhaltensweisen erscheinen l\u00e4sst, rechtfertige der von der Ethnologie propagierte Kulturrelativismus doch Gesellschaftsformen, deren Existenz man eigentlich besser in Frage stellen sollte.<\/p>\n<p>Die damit verbundene Infragestellung der sich seit der Aufkl\u00e4rung als Wissenschaft formierenden Ethnologie hat unter Ethnologinnen und Ethnologen zahlreiche \u00f6ffentliche, halb- und nicht\u00f6ffentliche Reaktionen hervorgerufen. Auch die <a href=\"https:\/\/zeitschrift-kulturwissenschaften.de\/ueber-uns\/redaktionen\/\">Redaktion Siegen\/Nordwest der Zeitschrift f\u00fcr Kulturwissenschaften<\/a> findet, dass Webers Polemik nicht unbeantwortet bleiben sollte und wir nehmen den Artikel zum Anlass, die Diskussion zu b\u00fcndeln und interdisziplin\u00e4r zu erweitern. Dabei soll nicht nur der Vorwurf des Kulturrelativismus, sondern auch der gleichzeitig immer wieder an die Ethnologie herangetragene gegenteilige Vorwurf des Rassismus und Ethnozentrismus in Betracht gezogen werden.<\/p>\n<p>In diesem paradoxen doppelten Vorwurf zeigt sich die Ambivalenz der Ethnologie bzw. des Reisenden im Allgemeinen. Berichte \u00fcber das Fremde sprechen nicht nur \u00fcber das Fremde, sondern immer auch \u00fcber das Eigene, indem sie das Eigene in einem neuen \u2013 besseren oder auch schlechteren \u2013 Licht erscheinen lassen. Der edle Wilde hat dabei eine \u00e4hnlich lange Tradition wie der barbarische Wilde.<\/p>\n<p>Wie der besagte Artikel von Christian Weber und auch die aktuellen, zunehmend von Abschottung und Fremdenfeindlichkeit gepr\u00e4gten politischen Entwicklungen in Deutschland, Europa und anderen Teilen der Welt zeigen, sind diese Fragen nach Universalismus und Relativismus nach wie vor aktuell und bed\u00fcrfen einer differenzierten \u00f6ffentlichen Debatte \u00fcber den Umgang mit Fremdem.<\/p>\n<p>In w\u00f6chentlicher Folge werden wir an dieser Stelle Beitr\u00e4ge ver\u00f6ffentlichen, die \u00fcber die Geschichte und die Aufgabe der Ethnologie, ihre Selbst- und Fremdwahrnehmung, ebenso wie ihr Verh\u00e4ltnis zur Aufkl\u00e4rung und ihre gesellschaftspolitische Relevanz reflektieren. Wir sind gespannt, in welche Richtung sich die Diskussion entwickelt, welche Themen Anschluss finden und inwieweit sich die Ethnologie am Ende als Aufkl\u00e4rung verstehen l\u00e4sst.<\/p>\n<p>Wir bedanken uns beim GSSC, dass es uns auf seiner Homepage ein Forum daf\u00fcr zur Verf\u00fcgung stellt und weisen hiermit darauf hin, dass die hier ge\u00e4u\u00dferten Meinungen nicht die Meinung des GSSC wiedergeben. Der Blog wird betrieben in Zusammenarbeit mit dem <a href=\"https:\/\/www.mediacoop.uni-siegen.de\/de\/\">Sonderforschungsbereich 1187 Medien der Kooperation an der Universit\u00e4t Siegen<\/a>.<\/p>\n<p>Redaktion: Ehler Voss (V.i.S.d.P., Universit\u00e4t Siegen), Martin Zillinger (Universit\u00e4t zu K\u00f6ln) &amp; Christoph Antweiler (Universit\u00e4t Bonn)<\/p>\n<p>Falls Sie Interesse haben, selbst einen Beitrag zu verfassen, melden Sie sich bitte bei Ehler Voss (ehler.voss@uni-siegen.de)<\/p>\n<div class=\"logos\"><img loading=\"lazy\" decoding=\"async\" class=\"alignnone wp-image-749 size-full\" src=\"https:\/\/boasblogs.org\/wp-content\/uploads\/2019\/07\/siegen.png\" alt=\"\" width=\"600\" height=\"171\" \/><img loading=\"lazy\" decoding=\"async\" class=\"size-full wp-image-751 alignnone\" src=\"https:\/\/boasblogs.org\/wp-content\/uploads\/2019\/07\/mkd.png\" alt=\"\" width=\"600\" height=\"240\" \/><img loading=\"lazy\" decoding=\"async\" class=\"alignnone size-full wp-image-753\" src=\"https:\/\/boasblogs.org\/wp-content\/uploads\/2019\/07\/dgf.png\" alt=\"\" width=\"600\" height=\"123\" \/><img loading=\"lazy\" decoding=\"async\" class=\"alignnone size-full wp-image-755\" src=\"https:\/\/boasblogs.org\/wp-content\/uploads\/2019\/07\/zfk.png\" alt=\"\" width=\"600\" height=\"77\" \/><img loading=\"lazy\" decoding=\"async\" class=\"alignnone size-full wp-image-757\" src=\"https:\/\/boasblogs.org\/wp-content\/uploads\/2019\/07\/bremen.png\" alt=\"\" width=\"600\" height=\"159\" \/><img loading=\"lazy\" decoding=\"async\" class=\"alignnone wp-image-3061 size-full\" src=\"https:\/\/boasblogs.org\/wp-content\/uploads\/2020\/02\/gssc-logo_bw-cut2.jpg\" alt=\"\" width=\"600\" height=\"240\" \/><img loading=\"lazy\" decoding=\"async\" src=\"https:\/\/boasblogs.org\/wp-content\/uploads\/2020\/04\/WOC_Logo_Zusatz_black-cropped.png\" alt=\"\" width=\"5050\" height=\"2705\" class=\"alignnone size-full wp-image-3805\" srcset=\"https:\/\/boasblogs.org\/wp-content\/uploads\/2020\/04\/WOC_Logo_Zusatz_black-cropped.png 5050w, https:\/\/boasblogs.org\/wp-content\/uploads\/2020\/04\/WOC_Logo_Zusatz_black-cropped-920x493.png 920w, https:\/\/boasblogs.org\/wp-content\/uploads\/2020\/04\/WOC_Logo_Zusatz_black-cropped-1440x771.png 1440w, https:\/\/boasblogs.org\/wp-content\/uploads\/2020\/04\/WOC_Logo_Zusatz_black-cropped-1536x823.png 1536w, https:\/\/boasblogs.org\/wp-content\/uploads\/2020\/04\/WOC_Logo_Zusatz_black-cropped-2048x1097.png 2048w, https:\/\/boasblogs.org\/wp-content\/uploads\/2020\/04\/WOC_Logo_Zusatz_black-cropped-920x493@2x.png 1840w, https:\/\/boasblogs.org\/wp-content\/uploads\/2020\/04\/WOC_Logo_Zusatz_black-cropped-1536x823@2x.png 3072w, https:\/\/boasblogs.org\/wp-content\/uploads\/2020\/04\/WOC_Logo_Zusatz_black-cropped-2048x1097@2x.png 4096w\" sizes=\"auto, (max-width: 5050px) 100vw, 5050px\" \/><\/div>\n","protected":false},"excerpt":{"rendered":"<p>Unter dem Titel \u201eDschungelm\u00e4rchen\u201c erschien am 15. Oktober 2016 in der Druckausgabe der S\u00fcddeutschen Zeitung (online als \u201eDie M\u00e4r vom edlen Wilden\u201c am 17.10.2016) eine Polemik gegen die Ethnologie. Der Autor Christian Weber zeichnet darin ein Bild der Ethnologie, das diese als unheilbringende und gef\u00e4hrliche Verkl\u00e4rerin barbarischer Verhaltensweisen erscheinen l\u00e4sst, rechtfertige der von der Ethnologie [&hellip;]<\/p>\n","protected":false},"author":1,"featured_media":0,"parent":1684,"menu_order":0,"comment_status":"closed","ping_status":"closed","template":"","meta":{"_acf_changed":false,"inline_featured_image":false,"footnotes":""},"class_list":["post-1688","page","type-page","status-publish","hentry"],"acf":[],"_links":{"self":[{"href":"https:\/\/boasblogs.org\/de\/wp-json\/wp\/v2\/pages\/1688","targetHints":{"allow":["GET"]}}],"collection":[{"href":"https:\/\/boasblogs.org\/de\/wp-json\/wp\/v2\/pages"}],"about":[{"href":"https:\/\/boasblogs.org\/de\/wp-json\/wp\/v2\/types\/page"}],"author":[{"embeddable":true,"href":"https:\/\/boasblogs.org\/de\/wp-json\/wp\/v2\/users\/1"}],"replies":[{"embeddable":true,"href":"https:\/\/boasblogs.org\/de\/wp-json\/wp\/v2\/comments?post=1688"}],"version-history":[{"count":5,"href":"https:\/\/boasblogs.org\/de\/wp-json\/wp\/v2\/pages\/1688\/revisions"}],"predecessor-version":[{"id":3814,"href":"https:\/\/boasblogs.org\/de\/wp-json\/wp\/v2\/pages\/1688\/revisions\/3814"}],"up":[{"embeddable":true,"href":"https:\/\/boasblogs.org\/de\/wp-json\/wp\/v2\/pages\/1684"}],"wp:attachment":[{"href":"https:\/\/boasblogs.org\/de\/wp-json\/wp\/v2\/media?parent=1688"}],"curies":[{"name":"wp","href":"https:\/\/api.w.org\/{rel}","templated":true}]}}